{"id":9,"date":"2018-10-19T21:09:40","date_gmt":"2018-10-19T21:09:40","guid":{"rendered":"http:\/\/casadisuono.com\/?page_id=9"},"modified":"2018-10-19T21:09:40","modified_gmt":"2018-10-19T21:09:40","slug":"dolcedo","status":"publish","type":"page","link":"https:\/\/casadisuono.com\/?page_id=9","title":{"rendered":"Dolcedo"},"content":{"rendered":"<p>Dieser kleine Ort im Hinterland von Imperia ist unsere Zuflucht geworden. Hier ist die Arbeit zwar nicht fern doch erscheint sie eher einer gelassenen Nachbetrachtung. Die \u00fcberaus freundlichen Menschen machen es leicht das Leben als ein D\u00fcrfen zu empfinden. Der Pflichtenkanon, der sich aus den nicht immer vern\u00fcnftigen Gegebenheiten des Arbeits- und Famlienlebens ergibt, ist weit entfernt.<\/p>\n","protected":false},"excerpt":{"rendered":"<p>Dieser kleine Ort im Hinterland von Imperia ist unsere Zuflucht geworden. Hier ist die Arbeit zwar nicht fern doch erscheint sie eher einer gelassenen Nachbetrachtung. Die \u00fcberaus freundlichen Menschen machen es leicht das Leben als ein D\u00fcrfen zu empfinden. Der Pflichtenkanon, der sich aus den nicht immer vern\u00fcnftigen Gegebenheiten des Arbeits- und Famlienlebens ergibt, ist &hellip; <\/p>\n<p class=\"link-more\"><a href=\"https:\/\/casadisuono.com\/?page_id=9\" class=\"more-link\"><span class=\"screen-reader-text\">&#8222;Dolcedo&#8220;<\/span> weiterlesen<\/a><\/p>\n","protected":false},"author":1,"featured_media":0,"parent":0,"menu_order":0,"comment_status":"closed","ping_status":"closed","template":"","meta":[],"_links":{"self":[{"href":"https:\/\/casadisuono.com\/index.php?rest_route=\/wp\/v2\/pages\/9"}],"collection":[{"href":"https:\/\/casadisuono.com\/index.php?rest_route=\/wp\/v2\/pages"}],"about":[{"href":"https:\/\/casadisuono.com\/index.php?rest_route=\/wp\/v2\/types\/page"}],"author":[{"embeddable":true,"href":"https:\/\/casadisuono.com\/index.php?rest_route=\/wp\/v2\/users\/1"}],"replies":[{"embeddable":true,"href":"https:\/\/casadisuono.com\/index.php?rest_route=%2Fwp%2Fv2%2Fcomments&post=9"}],"version-history":[{"count":1,"href":"https:\/\/casadisuono.com\/index.php?rest_route=\/wp\/v2\/pages\/9\/revisions"}],"predecessor-version":[{"id":10,"href":"https:\/\/casadisuono.com\/index.php?rest_route=\/wp\/v2\/pages\/9\/revisions\/10"}],"wp:attachment":[{"href":"https:\/\/casadisuono.com\/index.php?rest_route=%2Fwp%2Fv2%2Fmedia&parent=9"}],"curies":[{"name":"wp","href":"https:\/\/api.w.org\/{rel}","templated":true}]}}